{"id":7938,"date":"2026-02-23T13:03:39","date_gmt":"2026-02-23T16:03:39","guid":{"rendered":"https:\/\/www.sexshop.com.ar\/web\/?post_type=product&#038;p=7938"},"modified":"2026-02-23T13:03:39","modified_gmt":"2026-02-23T16:03:39","slug":"juego-de-cartas-ladies-night-for-the-girls","status":"publish","type":"product","link":"https:\/\/www.sexshop.com.ar\/web\/producto\/juego-de-cartas-ladies-night-for-the-girls\/","title":{"rendered":"Juego de cartas Ladies Night :: For the girls"},"content":{"rendered":"<p data-start=\"417\" data-end=\"589\">\u00a0<strong data-start=\"420\" data-end=\"432\">Incluye:<\/strong><br data-start=\"432\" data-end=\"435\" \/>\u2022\u00a0<strong data-start=\"437\" data-end=\"450\">80 cartas<\/strong>\u00a0con preguntas atrevidas, desaf\u00edos picantes y situaciones inesperadas.<br data-start=\"520\" data-end=\"523\" \/>\u2022\u00a0<strong data-start=\"525\" data-end=\"535\">1 dado<\/strong> para dejar que el destino marque la pr\u00f3xima jugada.<\/p>\n<p data-start=\"417\" data-end=\"589\">\u00a0<strong data-start=\"594\" data-end=\"609\">Ideal para:<\/strong><br data-start=\"609\" data-end=\"612\" \/>\u2022 Noches de chicas<br data-start=\"630\" data-end=\"633\" \/>\u2022 Previa antes de salir<br data-start=\"656\" data-end=\"659\" \/>\u2022 Reuniones donde la consigna es:\u00a0<em data-start=\"693\" data-end=\"717\">\u201choy se habla de TODO\u201d<\/em><\/p>\n<p data-start=\"721\" data-end=\"800\">\ud83d\udc8b\u00a0<strong data-start=\"724\" data-end=\"800\">Desinhibite, jug\u00e1 y dej\u00e1 que la noche se ponga cada vez m\u00e1s interesante.<\/strong><\/p>\n","protected":false},"excerpt":{"rendered":"<p data-start=\"187\" data-end=\"415\">Si busc\u00e1s una noche entre amigas\u00a0<strong data-start=\"220\" data-end=\"255\">\u00edntima, divertida y sin filtros<\/strong>,\u00a0<em data-start=\"257\" data-end=\"271\">Ladies Night<\/em>\u00a0es EL juego.<br data-start=\"284\" data-end=\"287\" \/>Perfecto para soltar confesiones, destapar secretos, re\u00edrse hasta llorar y descubrir nuevas historias entre copas y complicidad.<\/p>\n<p data-start=\"721\" data-end=\"800\">\n","protected":false},"featured_media":7939,"template":"","meta":{"_et_pb_use_builder":"","_et_pb_old_content":"","_et_gb_content_width":"","_joinchat":[]},"product_brand":[],"product_cat":[38],"product_tag":[],"class_list":{"0":"post-7938","1":"product","2":"type-product","3":"status-publish","4":"has-post-thumbnail","6":"product_cat-juegos-eroticos","8":"first","9":"instock","10":"shipping-taxable","11":"purchasable","12":"product-type-simple"},"_links":{"self":[{"href":"https:\/\/www.sexshop.com.ar\/web\/wp-json\/wp\/v2\/product\/7938","targetHints":{"allow":["GET"]}}],"collection":[{"href":"https:\/\/www.sexshop.com.ar\/web\/wp-json\/wp\/v2\/product"}],"about":[{"href":"https:\/\/www.sexshop.com.ar\/web\/wp-json\/wp\/v2\/types\/product"}],"wp:featuredmedia":[{"embeddable":true,"href":"https:\/\/www.sexshop.com.ar\/web\/wp-json\/wp\/v2\/media\/7939"}],"wp:attachment":[{"href":"https:\/\/www.sexshop.com.ar\/web\/wp-json\/wp\/v2\/media?parent=7938"}],"wp:term":[{"taxonomy":"product_brand","embeddable":true,"href":"https:\/\/www.sexshop.com.ar\/web\/wp-json\/wp\/v2\/product_brand?post=7938"},{"taxonomy":"product_cat","embeddable":true,"href":"https:\/\/www.sexshop.com.ar\/web\/wp-json\/wp\/v2\/product_cat?post=7938"},{"taxonomy":"product_tag","embeddable":true,"href":"https:\/\/www.sexshop.com.ar\/web\/wp-json\/wp\/v2\/product_tag?post=7938"}],"curies":[{"name":"wp","href":"https:\/\/api.w.org\/{rel}","templated":true}]}}