{"id":7940,"date":"2026-02-23T13:06:12","date_gmt":"2026-02-23T16:06:12","guid":{"rendered":"https:\/\/www.sexshop.com.ar\/web\/?post_type=product&#038;p=7940"},"modified":"2026-02-23T13:06:12","modified_gmt":"2026-02-23T16:06:12","slug":"juego-de-cartas-verdad-desafio","status":"publish","type":"product","link":"https:\/\/www.sexshop.com.ar\/web\/producto\/juego-de-cartas-verdad-desafio\/","title":{"rendered":"Juego de cartas Verdad Desaf\u00edo"},"content":{"rendered":"<p data-start=\"467\" data-end=\"621\"><strong data-start=\"470\" data-end=\"485\">Ideal para:<\/strong><br data-start=\"485\" data-end=\"488\" \/>\u2022 Jugar en pareja y encender la noche<br data-start=\"525\" data-end=\"528\" \/>\u2022 Compartir con amigos y descubrir secretos<br data-start=\"571\" data-end=\"574\" \/>\u2022 Explorar l\u00edmites, deseos y retos divertidos<\/p>\n<p data-start=\"623\" data-end=\"708\">Pregunt\u00e1, respond\u00e9, desafi\u00e1\u2026<br data-start=\"651\" data-end=\"654\" \/><strong data-start=\"654\" data-end=\"703\">Y dej\u00e1 que el deseo marque la pr\u00f3xima jugada.<\/strong><\/p>\n","protected":false},"excerpt":{"rendered":"<p>Pon\u00e9le picante a cualquier encuentro con\u00a0<em data-start=\"221\" data-end=\"239\">Verdad o Desaf\u00edo<\/em>, el juego perfecto para liberar fantas\u00edas, romper el hielo y descubrir nuevos lados de tu pareja o amigos.<br data-start=\"346\" data-end=\"349\" \/>Incluye\u00a0<strong data-start=\"357\" data-end=\"392\">80 preguntas y desaf\u00edos audaces<\/strong>, pensados para despertar risas, sorpresa y mucha, mucha tensi\u00f3n sensual.<\/p>\n","protected":false},"featured_media":7941,"template":"","meta":{"_et_pb_use_builder":"","_et_pb_old_content":"","_et_gb_content_width":"","_joinchat":[]},"product_brand":[],"product_cat":[38],"product_tag":[],"class_list":{"0":"post-7940","1":"product","2":"type-product","3":"status-publish","4":"has-post-thumbnail","6":"product_cat-juegos-eroticos","8":"first","9":"instock","10":"shipping-taxable","11":"purchasable","12":"product-type-simple"},"_links":{"self":[{"href":"https:\/\/www.sexshop.com.ar\/web\/wp-json\/wp\/v2\/product\/7940","targetHints":{"allow":["GET"]}}],"collection":[{"href":"https:\/\/www.sexshop.com.ar\/web\/wp-json\/wp\/v2\/product"}],"about":[{"href":"https:\/\/www.sexshop.com.ar\/web\/wp-json\/wp\/v2\/types\/product"}],"wp:featuredmedia":[{"embeddable":true,"href":"https:\/\/www.sexshop.com.ar\/web\/wp-json\/wp\/v2\/media\/7941"}],"wp:attachment":[{"href":"https:\/\/www.sexshop.com.ar\/web\/wp-json\/wp\/v2\/media?parent=7940"}],"wp:term":[{"taxonomy":"product_brand","embeddable":true,"href":"https:\/\/www.sexshop.com.ar\/web\/wp-json\/wp\/v2\/product_brand?post=7940"},{"taxonomy":"product_cat","embeddable":true,"href":"https:\/\/www.sexshop.com.ar\/web\/wp-json\/wp\/v2\/product_cat?post=7940"},{"taxonomy":"product_tag","embeddable":true,"href":"https:\/\/www.sexshop.com.ar\/web\/wp-json\/wp\/v2\/product_tag?post=7940"}],"curies":[{"name":"wp","href":"https:\/\/api.w.org\/{rel}","templated":true}]}}