{"id":7942,"date":"2026-02-23T13:09:38","date_gmt":"2026-02-23T16:09:38","guid":{"rendered":"https:\/\/www.sexshop.com.ar\/web\/?post_type=product&#038;p=7942"},"modified":"2026-03-23T12:41:20","modified_gmt":"2026-03-23T15:41:20","slug":"fantasy-pleasure-game","status":"publish","type":"product","link":"https:\/\/www.sexshop.com.ar\/web\/producto\/fantasy-pleasure-game\/","title":{"rendered":"Fantasy Pleasure Game"},"content":{"rendered":"<p data-start=\"380\" data-end=\"419\">\u00a0<strong data-start=\"383\" data-end=\"417\">Ideal para parejas que buscan\u2026<\/strong><\/p>\n<ul data-start=\"420\" data-end=\"592\">\n<li data-start=\"420\" data-end=\"453\">\n<p data-start=\"422\" data-end=\"453\">Experimentar nuevas din\u00e1micas<\/p>\n<\/li>\n<li data-start=\"454\" data-end=\"492\">\n<p data-start=\"456\" data-end=\"492\">Abrir la puerta a la improvisaci\u00f3n<\/p>\n<\/li>\n<li data-start=\"493\" data-end=\"538\">\n<p data-start=\"495\" data-end=\"538\">Jugar con identidades, roles y escenarios<\/p>\n<\/li>\n<li data-start=\"539\" data-end=\"592\">\n<p data-start=\"541\" data-end=\"592\">Encender la conexi\u00f3n desde lo l\u00fadico y lo sensual<\/p>\n<\/li>\n<\/ul>\n<p data-start=\"594\" data-end=\"776\">\ud83d\udca1\u00a0<strong data-start=\"597\" data-end=\"614\">C\u00f3mo se juega<\/strong><br data-start=\"614\" data-end=\"617\" \/>Eleg\u00ed un personaje, dejate llevar por la imaginaci\u00f3n y actu\u00e1 cada escena con total libertad. No hay l\u00edmites ni reglas estrictas: la creatividad gu\u00eda el placer.<\/p>\n<p data-start=\"778\" data-end=\"928\">Perfecto para quienes quieren desarrollar su costado m\u00e1s\u00a0<strong data-start=\"835\" data-end=\"870\">experimental, audaz y divertido<\/strong>. \u00a1Animate a jugar y transform\u00e1 la fantas\u00eda en realidad!<\/p>\n","protected":false},"excerpt":{"rendered":"<p>Sumergite en el juego de roles m\u00e1s atrevido y liber\u00e1 tu lado m\u00e1s imaginativo.\u00a0<strong data-start=\"263\" data-end=\"274\">FANTASY<\/strong>\u00a0te invita a meterte en tu personaje y dar vida a esas fantas\u00edas secretas que siempre quisiste explorar.<\/p>\n","protected":false},"featured_media":7943,"template":"","meta":{"_et_pb_use_builder":"","_et_pb_old_content":"","_et_gb_content_width":"","_joinchat":[]},"product_brand":[],"product_cat":[38],"product_tag":[],"class_list":{"0":"post-7942","1":"product","2":"type-product","3":"status-publish","4":"has-post-thumbnail","6":"product_cat-juegos-eroticos","8":"first","9":"instock","10":"shipping-taxable","11":"purchasable","12":"product-type-simple"},"_links":{"self":[{"href":"https:\/\/www.sexshop.com.ar\/web\/wp-json\/wp\/v2\/product\/7942","targetHints":{"allow":["GET"]}}],"collection":[{"href":"https:\/\/www.sexshop.com.ar\/web\/wp-json\/wp\/v2\/product"}],"about":[{"href":"https:\/\/www.sexshop.com.ar\/web\/wp-json\/wp\/v2\/types\/product"}],"wp:featuredmedia":[{"embeddable":true,"href":"https:\/\/www.sexshop.com.ar\/web\/wp-json\/wp\/v2\/media\/7943"}],"wp:attachment":[{"href":"https:\/\/www.sexshop.com.ar\/web\/wp-json\/wp\/v2\/media?parent=7942"}],"wp:term":[{"taxonomy":"product_brand","embeddable":true,"href":"https:\/\/www.sexshop.com.ar\/web\/wp-json\/wp\/v2\/product_brand?post=7942"},{"taxonomy":"product_cat","embeddable":true,"href":"https:\/\/www.sexshop.com.ar\/web\/wp-json\/wp\/v2\/product_cat?post=7942"},{"taxonomy":"product_tag","embeddable":true,"href":"https:\/\/www.sexshop.com.ar\/web\/wp-json\/wp\/v2\/product_tag?post=7942"}],"curies":[{"name":"wp","href":"https:\/\/api.w.org\/{rel}","templated":true}]}}