{"id":8001,"date":"2026-04-01T16:58:40","date_gmt":"2026-04-01T19:58:40","guid":{"rendered":"https:\/\/www.sexshop.com.ar\/web\/?post_type=product&#038;p=8001"},"modified":"2026-04-01T16:58:40","modified_gmt":"2026-04-01T19:58:40","slug":"anillo-vibrador-doble-usb","status":"publish","type":"product","link":"https:\/\/www.sexshop.com.ar\/web\/producto\/anillo-vibrador-doble-usb\/","title":{"rendered":"ANILLO VIBRADOR DOBLE USB"},"content":{"rendered":"<p>Este anillo doble\u00a0 adem\u00e1s de retrasar la eyaculaci\u00f3n para una satisfacci\u00f3n prolongada, restringiendo el flujo sangu\u00edneo para mantener la erecci\u00f3n, tambi\u00e9n incluye una base vibratoria. Su elegante acabado de silicona te brindar\u00e1 una sensaci\u00f3n incre\u00edble durante sesiones de sexo prolongadas, tanto para ti como para tu pareja, ya que mantiene la erecci\u00f3n por m\u00e1s tiempo. ALIMENTACION\u00a0 USB RECARGABLE<\/p>\n","protected":false},"excerpt":{"rendered":"<h2>Este anillo vibrador para el pene de 7 funciones te proporcionar\u00e1 erecciones m\u00e1s largas y firmes<\/h2>\n","protected":false},"featured_media":8004,"template":"","meta":{"_et_pb_use_builder":"","_et_pb_old_content":"","_et_gb_content_width":"","_joinchat":[]},"product_brand":[],"product_cat":[26,33],"product_tag":[],"class_list":{"0":"post-8001","1":"product","2":"type-product","3":"status-publish","4":"has-post-thumbnail","6":"product_cat-anillos-peneanos","7":"product_cat-ellos","9":"first","10":"instock","11":"shipping-taxable","12":"purchasable","13":"product-type-simple"},"_links":{"self":[{"href":"https:\/\/www.sexshop.com.ar\/web\/wp-json\/wp\/v2\/product\/8001","targetHints":{"allow":["GET"]}}],"collection":[{"href":"https:\/\/www.sexshop.com.ar\/web\/wp-json\/wp\/v2\/product"}],"about":[{"href":"https:\/\/www.sexshop.com.ar\/web\/wp-json\/wp\/v2\/types\/product"}],"wp:featuredmedia":[{"embeddable":true,"href":"https:\/\/www.sexshop.com.ar\/web\/wp-json\/wp\/v2\/media\/8004"}],"wp:attachment":[{"href":"https:\/\/www.sexshop.com.ar\/web\/wp-json\/wp\/v2\/media?parent=8001"}],"wp:term":[{"taxonomy":"product_brand","embeddable":true,"href":"https:\/\/www.sexshop.com.ar\/web\/wp-json\/wp\/v2\/product_brand?post=8001"},{"taxonomy":"product_cat","embeddable":true,"href":"https:\/\/www.sexshop.com.ar\/web\/wp-json\/wp\/v2\/product_cat?post=8001"},{"taxonomy":"product_tag","embeddable":true,"href":"https:\/\/www.sexshop.com.ar\/web\/wp-json\/wp\/v2\/product_tag?post=8001"}],"curies":[{"name":"wp","href":"https:\/\/api.w.org\/{rel}","templated":true}]}}