{"id":8006,"date":"2026-04-01T18:28:37","date_gmt":"2026-04-01T21:28:37","guid":{"rendered":"https:\/\/www.sexshop.com.ar\/web\/?post_type=product&#038;p=8006"},"modified":"2026-04-01T18:28:37","modified_gmt":"2026-04-01T21:28:37","slug":"succionador-vibrador-10-modos-carga-usb","status":"publish","type":"product","link":"https:\/\/www.sexshop.com.ar\/web\/producto\/succionador-vibrador-10-modos-carga-usb\/","title":{"rendered":"Succionador Vibrador 10 Modos Carga USB"},"content":{"rendered":"<p>10 Modos de Vibraci\u00f3n: Explora un amplio repertorio de patrones y ritmos intensos.<\/p>\n<p>Succi\u00f3n de Ondas de Presi\u00f3n: Simula la sensaci\u00f3n de succi\u00f3n con ondas de aire sin contacto directo, para un cl\u00edmax explosivo.<\/p>\n<p>Dise\u00f1o Ergon\u00f3mico: Ajuste perfecto para alcanzar las zonas m\u00e1s sensibles.<\/p>\n<p>Silicona Ultra Suave: Fabricado con material de grado m\u00e9dico, sedoso al tacto y seguro para el cuerpo.<\/p>\n<p>Recargable por USB: M\u00e1xima comodidad de carga en cualquier lugar (cable incluido).<\/p>\n<p>Resistente al Agua: F\u00e1cil de limpiar y seguro para usar en la ducha (no sumergir completamente por tiempo prolongado).<\/p>\n","protected":false},"excerpt":{"rendered":"<h2>Doble Estimulaci\u00f3n: Vibraci\u00f3n profunda para el Punto G y succi\u00f3n pulsante para el cl\u00edtoris.<\/h2>\n","protected":false},"featured_media":8007,"template":"","meta":{"_et_pb_use_builder":"","_et_pb_old_content":"","_et_gb_content_width":"","_joinchat":[]},"product_brand":[],"product_cat":[32,37,18],"product_tag":[],"class_list":{"0":"post-8006","1":"product","2":"type-product","3":"status-publish","4":"has-post-thumbnail","6":"product_cat-ellas","7":"product_cat-estimuladores-clitoriales","8":"product_cat-vibradores","10":"first","11":"instock","12":"sale","13":"shipping-taxable","14":"purchasable","15":"product-type-simple"},"_links":{"self":[{"href":"https:\/\/www.sexshop.com.ar\/web\/wp-json\/wp\/v2\/product\/8006","targetHints":{"allow":["GET"]}}],"collection":[{"href":"https:\/\/www.sexshop.com.ar\/web\/wp-json\/wp\/v2\/product"}],"about":[{"href":"https:\/\/www.sexshop.com.ar\/web\/wp-json\/wp\/v2\/types\/product"}],"wp:featuredmedia":[{"embeddable":true,"href":"https:\/\/www.sexshop.com.ar\/web\/wp-json\/wp\/v2\/media\/8007"}],"wp:attachment":[{"href":"https:\/\/www.sexshop.com.ar\/web\/wp-json\/wp\/v2\/media?parent=8006"}],"wp:term":[{"taxonomy":"product_brand","embeddable":true,"href":"https:\/\/www.sexshop.com.ar\/web\/wp-json\/wp\/v2\/product_brand?post=8006"},{"taxonomy":"product_cat","embeddable":true,"href":"https:\/\/www.sexshop.com.ar\/web\/wp-json\/wp\/v2\/product_cat?post=8006"},{"taxonomy":"product_tag","embeddable":true,"href":"https:\/\/www.sexshop.com.ar\/web\/wp-json\/wp\/v2\/product_tag?post=8006"}],"curies":[{"name":"wp","href":"https:\/\/api.w.org\/{rel}","templated":true}]}}