{"id":8030,"date":"2026-04-04T18:08:41","date_gmt":"2026-04-04T21:08:41","guid":{"rendered":"https:\/\/www.sexshop.com.ar\/web\/?post_type=product&#038;p=8030"},"modified":"2026-04-04T18:08:41","modified_gmt":"2026-04-04T21:08:41","slug":"estimulador-vibrador-de-punto-g-y-clitoris","status":"publish","type":"product","link":"https:\/\/www.sexshop.com.ar\/web\/producto\/estimulador-vibrador-de-punto-g-y-clitoris\/","title":{"rendered":"Estimulador Vibrador de Punto G y Clitoris"},"content":{"rendered":"<h3>Estimulaci\u00f3n del cl\u00edtoris y del punto g: Disfrute de la doble estimulaci\u00f3n. Esto asegura orgasmos extremadamente placenteros para muchas mujeres.<br \/>\nVibraciones vers\u00e1tiles con 10 velocidades variables<\/h3>\n<h3>\u2022 Fabricado con silicona de alta calidad.<br \/>\n\u2022 Material no t\u00f3xico e inodoro para tu seguridad.<br \/>\n\u2022 Funciona con 2 pilas AAA incluidas .<br \/>\n\u2022 Dimensiones de 19 cm de largo y 3 cm de di\u00e1metro para un ajuste perfecto.<\/h3>\n<h3><\/h3>\n","protected":false},"excerpt":{"rendered":"<h3>Experimenta la sensaci\u00f3n de la doble estimulaci\u00f3n con este vibrador con 10 funciones te estimula tanto la vagina como el Punto G .<\/h3>\n<p>&nbsp;<\/p>\n","protected":false},"featured_media":8031,"template":"","meta":{"_et_pb_use_builder":"","_et_pb_old_content":"","_et_gb_content_width":"","_joinchat":[]},"product_brand":[],"product_cat":[32,37,18],"product_tag":[],"class_list":{"0":"post-8030","1":"product","2":"type-product","3":"status-publish","4":"has-post-thumbnail","6":"product_cat-ellas","7":"product_cat-estimuladores-clitoriales","8":"product_cat-vibradores","10":"first","11":"instock","12":"shipping-taxable","13":"purchasable","14":"product-type-simple"},"_links":{"self":[{"href":"https:\/\/www.sexshop.com.ar\/web\/wp-json\/wp\/v2\/product\/8030","targetHints":{"allow":["GET"]}}],"collection":[{"href":"https:\/\/www.sexshop.com.ar\/web\/wp-json\/wp\/v2\/product"}],"about":[{"href":"https:\/\/www.sexshop.com.ar\/web\/wp-json\/wp\/v2\/types\/product"}],"wp:featuredmedia":[{"embeddable":true,"href":"https:\/\/www.sexshop.com.ar\/web\/wp-json\/wp\/v2\/media\/8031"}],"wp:attachment":[{"href":"https:\/\/www.sexshop.com.ar\/web\/wp-json\/wp\/v2\/media?parent=8030"}],"wp:term":[{"taxonomy":"product_brand","embeddable":true,"href":"https:\/\/www.sexshop.com.ar\/web\/wp-json\/wp\/v2\/product_brand?post=8030"},{"taxonomy":"product_cat","embeddable":true,"href":"https:\/\/www.sexshop.com.ar\/web\/wp-json\/wp\/v2\/product_cat?post=8030"},{"taxonomy":"product_tag","embeddable":true,"href":"https:\/\/www.sexshop.com.ar\/web\/wp-json\/wp\/v2\/product_tag?post=8030"}],"curies":[{"name":"wp","href":"https:\/\/api.w.org\/{rel}","templated":true}]}}