{"id":8042,"date":"2026-04-18T18:08:23","date_gmt":"2026-04-18T21:08:23","guid":{"rendered":"https:\/\/www.sexshop.com.ar\/web\/?post_type=product&#038;p=8042"},"modified":"2026-04-18T18:24:48","modified_gmt":"2026-04-18T21:24:48","slug":"8042","status":"publish","type":"product","link":"https:\/\/www.sexshop.com.ar\/web\/producto\/8042\/","title":{"rendered":"Miss V Gourmet ChocoNaranja"},"content":{"rendered":"<h3>Beneficios:<\/h3>\n<ul>\n<li>\n<h3><strong>Comestible.<\/strong><\/h3>\n<\/li>\n<li>\n<h3><strong>T\u00e9rmico, con un agradable efecto c\u00e1lido tanto en la piel como en la boca.<\/strong><\/h3>\n<\/li>\n<li>\n<h3><strong>Hipoalerg\u00e9nico.<\/strong><\/h3>\n<\/li>\n<li>\n<h3><strong>Lubricante \u00edntimo.<\/strong><\/h3>\n<\/li>\n<li>\n<h3><strong>No mancha, no deja residuos.<\/strong><\/h3>\n<\/li>\n<li>\n<h3><strong>Es hidrosoluble, compatible con el uso de preservativos.<\/strong><\/h3>\n<\/li>\n<li>Modo de uso:<br \/>\nEl masaje es una alternativa m\u00e1s para incrementar la pasi\u00f3n y mejorar la vida sexual en pareja.<br \/>\nEl principal objetivo de esta pr\u00e1ctica es despertar los sentidos para incitar al deseo. Deber ser cadencioso y de movimientos lentos para potenciar el placer. Es muy \u00fatil en zonas musculosas como caderas, muslos y nalgas. Verter sobre la piel abundante aceite Miss V, levanta, aprieta y enrolla la piel entre el pulgar y los dedos de una mano, desliz\u00e1ndola hacia la otra mano. Si el efecto que quieres tener es m\u00e1s de relajaci\u00f3n hazlo lento y profundo, si deseas m\u00e1s intensidad, s\u00f3lo cambia la velocidad. Podes realizar un masaje tambi\u00e9n con los labios de la boca y la lengua en las zonas m\u00e1s sensibles y disfrutar del exquisito sabor del producto.<\/li>\n<\/ul>\n","protected":false},"excerpt":{"rendered":"<h3>Dejate acariciar con este exquisito aceite comestible. Riqu\u00edsimo aroma, sabor y calidez.<\/h3>\n","protected":false},"featured_media":8044,"template":"","meta":{"_et_pb_use_builder":"","_et_pb_old_content":"","_et_gb_content_width":"","_joinchat":[]},"product_brand":[],"product_cat":[35],"product_tag":[],"class_list":{"0":"post-8042","1":"product","2":"type-product","3":"status-publish","4":"has-post-thumbnail","6":"product_cat-geles-y-lubricantes","8":"first","9":"instock","10":"shipping-taxable","11":"purchasable","12":"product-type-simple"},"_links":{"self":[{"href":"https:\/\/www.sexshop.com.ar\/web\/wp-json\/wp\/v2\/product\/8042","targetHints":{"allow":["GET"]}}],"collection":[{"href":"https:\/\/www.sexshop.com.ar\/web\/wp-json\/wp\/v2\/product"}],"about":[{"href":"https:\/\/www.sexshop.com.ar\/web\/wp-json\/wp\/v2\/types\/product"}],"wp:featuredmedia":[{"embeddable":true,"href":"https:\/\/www.sexshop.com.ar\/web\/wp-json\/wp\/v2\/media\/8044"}],"wp:attachment":[{"href":"https:\/\/www.sexshop.com.ar\/web\/wp-json\/wp\/v2\/media?parent=8042"}],"wp:term":[{"taxonomy":"product_brand","embeddable":true,"href":"https:\/\/www.sexshop.com.ar\/web\/wp-json\/wp\/v2\/product_brand?post=8042"},{"taxonomy":"product_cat","embeddable":true,"href":"https:\/\/www.sexshop.com.ar\/web\/wp-json\/wp\/v2\/product_cat?post=8042"},{"taxonomy":"product_tag","embeddable":true,"href":"https:\/\/www.sexshop.com.ar\/web\/wp-json\/wp\/v2\/product_tag?post=8042"}],"curies":[{"name":"wp","href":"https:\/\/api.w.org\/{rel}","templated":true}]}}