{"id":8070,"date":"2026-05-09T19:22:07","date_gmt":"2026-05-09T22:22:07","guid":{"rendered":"https:\/\/www.sexshop.com.ar\/web\/?post_type=product&#038;p=8070"},"modified":"2026-05-09T19:24:14","modified_gmt":"2026-05-09T22:24:14","slug":"super-strapless-dildo","status":"publish","type":"product","link":"https:\/\/www.sexshop.com.ar\/web\/producto\/super-strapless-dildo\/","title":{"rendered":"Super Strapless Dildo Vibrador"},"content":{"rendered":"<h3>Si est\u00e1s buscando un dildo diferente para disfrutar con tu pareja has encontrado el producto id\u00f3neo. Podr\u00e1s disfrutar de un plug\u00a0 anal con forma de bolas tailandesas y un plug vaginal para que disfrutes estimulando tu punto G a la vez que penetras a tu pareja con el dildo propiamente dicho. Por si esto fuese poco, hemos a\u00f1adido un sistema de vibraciones para un placer extra.<\/h3>\n<h3><strong>Caracter\u00edsticas:<\/strong><\/h3>\n<ul>\n<li>Triple penetraci\u00f3n<\/li>\n<li>Dildo real\u00edstico<\/li>\n<li>Estimulador anal<\/li>\n<li>Estimulador vaginal<\/li>\n<li>Texturado<\/li>\n<li>Multi-Vibraci\u00f3n<\/li>\n<li>2 pilas AAA<\/li>\n<li>Material: TPR \/ ABS<\/li>\n<li>Libre de Ftalatos<\/li>\n<\/ul>\n<p><strong>Medidas:\u00a0<\/strong>25,4 cm x 3,2 cm<\/p>\n<p>Dise\u00f1ado en EEUU con las m\u00e1s estrictas normas de calidad.<\/p>\n","protected":false},"excerpt":{"rendered":"<h3>Si est\u00e1s buscando un dildo diferente para disfrutar con tu pareja aqui esta.<\/h3>\n","protected":false},"featured_media":8071,"template":"","meta":{"_et_pb_use_builder":"","_et_pb_old_content":"","_et_gb_content_width":"","_joinchat":[]},"product_brand":[],"product_cat":[29,32],"product_tag":[],"class_list":{"0":"post-8070","1":"product","2":"type-product","3":"status-publish","4":"has-post-thumbnail","6":"product_cat-consoladores-y-dildos","7":"product_cat-ellas","9":"first","10":"instock","11":"shipping-taxable","12":"purchasable","13":"product-type-simple"},"_links":{"self":[{"href":"https:\/\/www.sexshop.com.ar\/web\/wp-json\/wp\/v2\/product\/8070","targetHints":{"allow":["GET"]}}],"collection":[{"href":"https:\/\/www.sexshop.com.ar\/web\/wp-json\/wp\/v2\/product"}],"about":[{"href":"https:\/\/www.sexshop.com.ar\/web\/wp-json\/wp\/v2\/types\/product"}],"wp:featuredmedia":[{"embeddable":true,"href":"https:\/\/www.sexshop.com.ar\/web\/wp-json\/wp\/v2\/media\/8071"}],"wp:attachment":[{"href":"https:\/\/www.sexshop.com.ar\/web\/wp-json\/wp\/v2\/media?parent=8070"}],"wp:term":[{"taxonomy":"product_brand","embeddable":true,"href":"https:\/\/www.sexshop.com.ar\/web\/wp-json\/wp\/v2\/product_brand?post=8070"},{"taxonomy":"product_cat","embeddable":true,"href":"https:\/\/www.sexshop.com.ar\/web\/wp-json\/wp\/v2\/product_cat?post=8070"},{"taxonomy":"product_tag","embeddable":true,"href":"https:\/\/www.sexshop.com.ar\/web\/wp-json\/wp\/v2\/product_tag?post=8070"}],"curies":[{"name":"wp","href":"https:\/\/api.w.org\/{rel}","templated":true}]}}