{"id":834,"date":"2018-05-22T11:39:00","date_gmt":"2018-05-22T14:39:00","guid":{"rendered":"https:\/\/www.sexshop.com.ar\/web\/?post_type=product&#038;p=834"},"modified":"2025-09-01T18:09:26","modified_gmt":"2025-09-01T21:09:26","slug":"shanes-world-college-party-doll","status":"publish","type":"product","link":"https:\/\/www.sexshop.com.ar\/web\/producto\/shanes-world-college-party-doll\/","title":{"rendered":"MU\u00d1ECA BECKY THE BEGGINER"},"content":{"rendered":"<p>Es una mu\u00f1eca inflable de tama\u00f1o real, con el cuerpo de una atractiva jovencita colegiala. Disfrute de sus grandes posibilidades, pudiendo realizar con ella m\u00faltiples posiciones.<\/p>\n","protected":false},"excerpt":{"rendered":"<p>Es una mu\u00f1eca inflable de tama\u00f1o real, con el cuerpo de una atractiva jovencita.<br \/>\nDisfrute de sus grandes posibilidades, pudiendo realizar con ella m\u00faltiples posiciones.<br \/>\nDispone de tres orificios de penetraci\u00f3n: boca, vagina y ano. Adem\u00e1s de unos pechos grandes.<br \/>\nEsta dise\u00f1ada para soportar gran variedad de posiciones diferentes.<br \/>\nLe mantendr\u00e1 caliente toda la noche.<\/p>\n","protected":false},"featured_media":7386,"template":"","meta":{"_et_pb_use_builder":"","_et_pb_old_content":"","_et_gb_content_width":"","_joinchat":[]},"product_brand":[],"product_cat":[33,41],"product_tag":[],"class_list":{"0":"post-834","1":"product","2":"type-product","3":"status-publish","4":"has-post-thumbnail","6":"product_cat-ellos","7":"product_cat-vaginas-munecas-y-munecos","9":"first","10":"instock","11":"shipping-taxable","12":"purchasable","13":"product-type-simple"},"_links":{"self":[{"href":"https:\/\/www.sexshop.com.ar\/web\/wp-json\/wp\/v2\/product\/834","targetHints":{"allow":["GET"]}}],"collection":[{"href":"https:\/\/www.sexshop.com.ar\/web\/wp-json\/wp\/v2\/product"}],"about":[{"href":"https:\/\/www.sexshop.com.ar\/web\/wp-json\/wp\/v2\/types\/product"}],"wp:featuredmedia":[{"embeddable":true,"href":"https:\/\/www.sexshop.com.ar\/web\/wp-json\/wp\/v2\/media\/7386"}],"wp:attachment":[{"href":"https:\/\/www.sexshop.com.ar\/web\/wp-json\/wp\/v2\/media?parent=834"}],"wp:term":[{"taxonomy":"product_brand","embeddable":true,"href":"https:\/\/www.sexshop.com.ar\/web\/wp-json\/wp\/v2\/product_brand?post=834"},{"taxonomy":"product_cat","embeddable":true,"href":"https:\/\/www.sexshop.com.ar\/web\/wp-json\/wp\/v2\/product_cat?post=834"},{"taxonomy":"product_tag","embeddable":true,"href":"https:\/\/www.sexshop.com.ar\/web\/wp-json\/wp\/v2\/product_tag?post=834"}],"curies":[{"name":"wp","href":"https:\/\/api.w.org\/{rel}","templated":true}]}}