{"id":836,"date":"2018-05-22T11:44:29","date_gmt":"2018-05-22T14:44:29","guid":{"rendered":"https:\/\/www.sexshop.com.ar\/web\/?post_type=product&#038;p=836"},"modified":"2026-01-12T20:10:19","modified_gmt":"2026-01-12T23:10:19","slug":"muneco-inflable-mr-stud","status":"publish","type":"product","link":"https:\/\/www.sexshop.com.ar\/web\/producto\/muneco-inflable-mr-stud\/","title":{"rendered":"MU\u00d1ECO INFLABLE Mr Stud"},"content":{"rendered":"<p>Para los momentos de soledad o para compartirlo con tus m\u00e1s \u00edntimas amistades. Indudablemente, la m\u00e1quina del sexo. Pene s\u00f3lido, grueso y venoso, casi real con 20 cm. de longitud<\/p>\n","protected":false},"excerpt":{"rendered":"<p>Para los momentos de soledad o para compartirlo con tus m\u00e1s \u00edntimas amistades. Indudablemente, la m\u00e1quina del sexo. Pene s\u00f3lido, grueso y venoso, casi real con 20 cm. de longitud<\/p>\n","protected":false},"featured_media":837,"template":"","meta":{"_et_pb_use_builder":"","_et_pb_old_content":"","_et_gb_content_width":"","_joinchat":[]},"product_brand":[],"product_cat":[41],"product_tag":[],"class_list":{"0":"post-836","1":"product","2":"type-product","3":"status-publish","4":"has-post-thumbnail","6":"product_cat-vaginas-munecas-y-munecos","8":"first","9":"instock","10":"sale","11":"shipping-taxable","12":"purchasable","13":"product-type-simple"},"_links":{"self":[{"href":"https:\/\/www.sexshop.com.ar\/web\/wp-json\/wp\/v2\/product\/836","targetHints":{"allow":["GET"]}}],"collection":[{"href":"https:\/\/www.sexshop.com.ar\/web\/wp-json\/wp\/v2\/product"}],"about":[{"href":"https:\/\/www.sexshop.com.ar\/web\/wp-json\/wp\/v2\/types\/product"}],"wp:featuredmedia":[{"embeddable":true,"href":"https:\/\/www.sexshop.com.ar\/web\/wp-json\/wp\/v2\/media\/837"}],"wp:attachment":[{"href":"https:\/\/www.sexshop.com.ar\/web\/wp-json\/wp\/v2\/media?parent=836"}],"wp:term":[{"taxonomy":"product_brand","embeddable":true,"href":"https:\/\/www.sexshop.com.ar\/web\/wp-json\/wp\/v2\/product_brand?post=836"},{"taxonomy":"product_cat","embeddable":true,"href":"https:\/\/www.sexshop.com.ar\/web\/wp-json\/wp\/v2\/product_cat?post=836"},{"taxonomy":"product_tag","embeddable":true,"href":"https:\/\/www.sexshop.com.ar\/web\/wp-json\/wp\/v2\/product_tag?post=836"}],"curies":[{"name":"wp","href":"https:\/\/api.w.org\/{rel}","templated":true}]}}