{"id":875,"date":"2018-05-22T17:39:17","date_gmt":"2018-05-22T20:39:17","guid":{"rendered":"https:\/\/www.sexshop.com.ar\/web\/?post_type=product&#038;p=875"},"modified":"2025-06-09T17:00:32","modified_gmt":"2025-06-09T20:00:32","slug":"pheromonas-para-el-hombre","status":"publish","type":"product","link":"https:\/\/www.sexshop.com.ar\/web\/producto\/pheromonas-para-el-hombre\/","title":{"rendered":"PHEROMONAS HOMBRE"},"content":{"rendered":"<p><strong>Pheromonas Hombre es un im\u00e1n para las mujeres hermosas. Imag\u00ednate una poderosa fuerza de atracci\u00f3n indetectable, que te signifique la conquista de las mujeres que siempre so\u00f1aste. Cuando una mujer percibe las mol\u00e9culas de esta sustancia esparcidas por el aire, se produce una reacci\u00f3n biol\u00f3gica. Esta reacci\u00f3n efect\u00faa su labor en el punto de la seducci\u00f3n de sexo en su cerebro, con el resultado de una excitaci\u00f3n sexual inconsciente.\u00a0<\/strong><\/p>\n","protected":false},"excerpt":{"rendered":"<p>SKU 4501-01<\/p>\n<p><strong>PHEROMONAS: AFRODIS\u00cdACO SEXUAL<\/strong><\/p>\n<p>Qu\u00e9 es la Feromona? Es un producto qu\u00edmico que el cuerpo humano produce para atraer a los dem\u00e1s, si bien no es conscientemente percibido. Act\u00faa cambiando de manera cierta nuestra conducta sexual en niveles no perceptibles e inconscientes. A esta sustancia se la denomina pheromona, que en griego significa \u00abtransmisor de la excitaci\u00f3n\u00bb. Es una sustancia que potencia el aroma natural que existe en el ser humano, actuando positivamente sobre su conducta sexual.<\/p>\n","protected":false},"featured_media":6594,"template":"","meta":{"_et_pb_use_builder":"","_et_pb_old_content":"","_et_gb_content_width":"","_joinchat":[]},"product_brand":[],"product_cat":[25],"product_tag":[],"class_list":{"0":"post-875","1":"product","2":"type-product","3":"status-publish","4":"has-post-thumbnail","6":"product_cat-afrodisiacos","8":"first","9":"instock","10":"sale","11":"shipping-taxable","12":"purchasable","13":"product-type-simple"},"_links":{"self":[{"href":"https:\/\/www.sexshop.com.ar\/web\/wp-json\/wp\/v2\/product\/875","targetHints":{"allow":["GET"]}}],"collection":[{"href":"https:\/\/www.sexshop.com.ar\/web\/wp-json\/wp\/v2\/product"}],"about":[{"href":"https:\/\/www.sexshop.com.ar\/web\/wp-json\/wp\/v2\/types\/product"}],"wp:featuredmedia":[{"embeddable":true,"href":"https:\/\/www.sexshop.com.ar\/web\/wp-json\/wp\/v2\/media\/6594"}],"wp:attachment":[{"href":"https:\/\/www.sexshop.com.ar\/web\/wp-json\/wp\/v2\/media?parent=875"}],"wp:term":[{"taxonomy":"product_brand","embeddable":true,"href":"https:\/\/www.sexshop.com.ar\/web\/wp-json\/wp\/v2\/product_brand?post=875"},{"taxonomy":"product_cat","embeddable":true,"href":"https:\/\/www.sexshop.com.ar\/web\/wp-json\/wp\/v2\/product_cat?post=875"},{"taxonomy":"product_tag","embeddable":true,"href":"https:\/\/www.sexshop.com.ar\/web\/wp-json\/wp\/v2\/product_tag?post=875"}],"curies":[{"name":"wp","href":"https:\/\/api.w.org\/{rel}","templated":true}]}}