{"id":881,"date":"2018-05-22T17:42:25","date_gmt":"2018-05-22T20:42:25","guid":{"rendered":"https:\/\/www.sexshop.com.ar\/web\/?post_type=product&#038;p=881"},"modified":"2025-06-09T17:00:14","modified_gmt":"2025-06-09T20:00:14","slug":"pheromonas-mujer","status":"publish","type":"product","link":"https:\/\/www.sexshop.com.ar\/web\/producto\/pheromonas-mujer\/","title":{"rendered":"PHEROMONAS MUJER"},"content":{"rendered":"<p>Qu\u00e9 es la Feromona? Es un producto qu\u00edmico que el cuerpo humano produce para atraer a los dem\u00e1s, si bien no es conscientemente percibido. Act\u00faa cambiando de manera cierta nuestra conducta sexual en niveles no perceptibles e inconscientes. A esta sustancia se la denomina pheromona, que en griego significa \u00abtransmisor de la excitaci\u00f3n\u00bb. Es una sustancia que potencia el aroma natural que existe en el ser humano, actuando positivamente sobre su conducta sexual.<\/p>\n<p><em>Alcanz\u00e1 el mejor orgasmo \u00a1Disfrutalo!<\/em><\/p>\n","protected":false},"excerpt":{"rendered":"<p>Pheromonas Mujer Tus encantos ser\u00e1n resaltados por esta f\u00f3rmula maravillosa!. Si el deseo sexual de su pareja est\u00e1 disminuido por el stress o el agotamiento, esta sustancia revertir\u00e1 este fen\u00f3meno cuando sea percibida por \u00e9l. Util\u00edzalo solo, o con tu perfume habitual. Demostrando confianza&#8230;<\/p>\n","protected":false},"featured_media":878,"template":"","meta":{"_et_pb_use_builder":"","_et_pb_old_content":"","_et_gb_content_width":"","_joinchat":[]},"product_brand":[],"product_cat":[25,32],"product_tag":[],"class_list":{"0":"post-881","1":"product","2":"type-product","3":"status-publish","4":"has-post-thumbnail","6":"product_cat-afrodisiacos","7":"product_cat-ellas","9":"first","10":"instock","11":"sale","12":"shipping-taxable","13":"purchasable","14":"product-type-simple"},"_links":{"self":[{"href":"https:\/\/www.sexshop.com.ar\/web\/wp-json\/wp\/v2\/product\/881","targetHints":{"allow":["GET"]}}],"collection":[{"href":"https:\/\/www.sexshop.com.ar\/web\/wp-json\/wp\/v2\/product"}],"about":[{"href":"https:\/\/www.sexshop.com.ar\/web\/wp-json\/wp\/v2\/types\/product"}],"wp:featuredmedia":[{"embeddable":true,"href":"https:\/\/www.sexshop.com.ar\/web\/wp-json\/wp\/v2\/media\/878"}],"wp:attachment":[{"href":"https:\/\/www.sexshop.com.ar\/web\/wp-json\/wp\/v2\/media?parent=881"}],"wp:term":[{"taxonomy":"product_brand","embeddable":true,"href":"https:\/\/www.sexshop.com.ar\/web\/wp-json\/wp\/v2\/product_brand?post=881"},{"taxonomy":"product_cat","embeddable":true,"href":"https:\/\/www.sexshop.com.ar\/web\/wp-json\/wp\/v2\/product_cat?post=881"},{"taxonomy":"product_tag","embeddable":true,"href":"https:\/\/www.sexshop.com.ar\/web\/wp-json\/wp\/v2\/product_tag?post=881"}],"curies":[{"name":"wp","href":"https:\/\/api.w.org\/{rel}","templated":true}]}}