{"id":883,"date":"2018-05-22T17:49:03","date_gmt":"2018-05-22T20:49:03","guid":{"rendered":"https:\/\/www.sexshop.com.ar\/web\/?post_type=product&#038;p=883"},"modified":"2026-04-13T11:10:05","modified_gmt":"2026-04-13T14:10:05","slug":"ultra-mujer-viagra-femenino-natural","status":"publish","type":"product","link":"https:\/\/www.sexshop.com.ar\/web\/producto\/ultra-mujer-viagra-femenino-natural\/","title":{"rendered":"Ultra Mujer &#8211; Viagra Femenino natural"},"content":{"rendered":"<p>Disfrute su intimidad a pleno<br \/>\nIngredientes naturales<br \/>\nHace efecto en menos de 30 minutos<br \/>\nEl efecto dura m\u00e1s de 3 horas<br \/>\nLleve su placer al m\u00e1ximo<br \/>\nPara mujeres de todas las edades<br \/>\nEl camino m\u00e1s natural para revitalizar el placer sexual activar el deseo y ayudar a la excitaci\u00f3n sexual.<br \/>\nAumentar la satisfacci\u00f3n<br \/>\nAyudar a incrementar la lubricaci\u00f3n<br \/>\n\u00bfQuienes deben tomar Ultra Mujer?<br \/>\nMujeres que buscan mejorar su calidad sexual<br \/>\nQuienes sufren falta de deseo debido a presiones del trabajo<br \/>\nMujeres que sufren de falta de deseo debido a cansancio f\u00edsico<\/p>\n<p>Forma de uso sugerido: tomar 1 c\u00e1psula a la hora del d\u00eda que prefiera. Puede tomar hasta 2 c\u00e1psulas al d\u00eda si lo desea, y en caso de tomar 2 puede tomarlas juntas.<\/p>\n<p>Contenido Neto: el producto se presenta en una versi\u00f3n de 4 c\u00e1psulas.<\/p>\n<p>Componentes de la F\u00f3rmula y sus Acciones<\/p>\n<p>Jengibre: El jengibre posee propiedades afrodis\u00edacas, estimula la circulaci\u00f3n de la sangre y los sentidos sexuales.<\/p>\n<p>Zinc: Como se sabe, el marisco en general es buen afrodis\u00edaco para hombres y mujeres, se debe a su riqueza en zinc, mineral muy necesario para una buena lubricaci\u00f3n vaginal durante el sexo.<\/p>\n<p>Guaran\u00e1: Utilizado como estimulante sexual desde tiempos remotos por las tribus ind\u00edgenas de Brasil. Se utiliza como t\u00f3nico y estimulante f\u00edsico sexual.<\/p>\n<p>Damiana: Es una planta conocida por sus propiedades afrodis\u00edacas desde tiempo de los Mayas, es utilizada todav\u00eda hoy por las mujeres ind\u00edgenas que la toman dos horas antes del coito para disfrutar m\u00e1s del acto sexual.<\/p>\n<p>Passiflora: Esta hierba ayuda a proveer respaldo nutricional para una relajaci\u00f3n normal y saludable.<\/p>\n<p>Arginina: Mejora el flujo sangu\u00edneo. Una mayor cantidad de flujo sangu\u00edneo hace que el cl\u00edtoris y los tejidos de la vagina se tornen m\u00e1s sensitivos y respondan mejor a la estimulaci\u00f3n sexual, adem\u00e1s de ayudar a aumentar la posibilidad de alcanzar el orgasmo.<\/p>\n<p>Colina: Es un nutriente esencial que ayuda a mejorar la funci\u00f3n de los neurotransmisores cerebrales, permitiendo que se puedan percibir mejor los est\u00edmulos y ayudando a mejorar el humor de la persona.<\/p>\n","protected":false},"excerpt":{"rendered":"<p><strong>Potenciador sexual femenino de una sola toma. Este producto es el m\u00e1s efectivo potenciador sexual femenino a base de hierbas naturales y L-Arginina.<\/strong><\/p>\n","protected":false},"featured_media":884,"template":"","meta":{"_et_pb_use_builder":"","_et_pb_old_content":"","_et_gb_content_width":"","_joinchat":[]},"product_brand":[],"product_cat":[25,32,36],"product_tag":[],"class_list":{"0":"post-883","1":"product","2":"type-product","3":"status-publish","4":"has-post-thumbnail","6":"product_cat-afrodisiacos","7":"product_cat-ellas","8":"product_cat-energizantes","10":"first","11":"instock","12":"shipping-taxable","13":"purchasable","14":"product-type-simple"},"_links":{"self":[{"href":"https:\/\/www.sexshop.com.ar\/web\/wp-json\/wp\/v2\/product\/883","targetHints":{"allow":["GET"]}}],"collection":[{"href":"https:\/\/www.sexshop.com.ar\/web\/wp-json\/wp\/v2\/product"}],"about":[{"href":"https:\/\/www.sexshop.com.ar\/web\/wp-json\/wp\/v2\/types\/product"}],"wp:featuredmedia":[{"embeddable":true,"href":"https:\/\/www.sexshop.com.ar\/web\/wp-json\/wp\/v2\/media\/884"}],"wp:attachment":[{"href":"https:\/\/www.sexshop.com.ar\/web\/wp-json\/wp\/v2\/media?parent=883"}],"wp:term":[{"taxonomy":"product_brand","embeddable":true,"href":"https:\/\/www.sexshop.com.ar\/web\/wp-json\/wp\/v2\/product_brand?post=883"},{"taxonomy":"product_cat","embeddable":true,"href":"https:\/\/www.sexshop.com.ar\/web\/wp-json\/wp\/v2\/product_cat?post=883"},{"taxonomy":"product_tag","embeddable":true,"href":"https:\/\/www.sexshop.com.ar\/web\/wp-json\/wp\/v2\/product_tag?post=883"}],"curies":[{"name":"wp","href":"https:\/\/api.w.org\/{rel}","templated":true}]}}