{"id":889,"date":"2018-05-22T18:05:43","date_gmt":"2018-05-22T21:05:43","guid":{"rendered":"https:\/\/www.sexshop.com.ar\/web\/?post_type=product&#038;p=889"},"modified":"2026-04-15T17:40:13","modified_gmt":"2026-04-15T20:40:13","slug":"miss-v-l-arginina-ginseng-exitante","status":"publish","type":"product","link":"https:\/\/www.sexshop.com.ar\/web\/producto\/miss-v-l-arginina-ginseng-exitante\/","title":{"rendered":"Miss V L-arginina Ginseng. Exitante"},"content":{"rendered":"<h3>Beneficios:<\/h3>\n<ul>\n<li>Orgasmos m\u00e1s r\u00e1pidos y m\u00e1s intensos.<\/li>\n<li>No altera el PH vaginal.<\/li>\n<li>No mancha, no deja residuos, es inoloro.<\/li>\n<li>Es hidrosoluble, compatible con el uso de preservativos.<br \/>\n<h3>Modo de uso:<\/h3>\n<p>Colocar unas gotas de Miss V L-Arginina y Ginseng en el dedo<br \/>\n\u00edndice, para luego masajear suavemente la zona del cl\u00edtoris y<br \/>\npermitir que el lubricante act\u00fae.<br \/>\nPara una mayor acci\u00f3n, aplicar m\u00e1s de una vez (por ejemplo durante el juego previo y luego en la relaci\u00f3n en s\u00ed).<\/p>\n<h3>Presentaci\u00f3n:<\/h3>\n<p>Envase dosificador gota a gota de 22ml.<\/p>\n<p><strong>TODOS LOS PRODUCTOS MISS V SE ENCUENTRAN APROBADOS POR I.N.A.M.E DEPENDIENTE DE A.N.M.A.T.<\/strong><\/p>\n<p>Ante cualquier duda consulte a su m\u00e9dico. En caso de irritaci\u00f3n discontinuar su uso.<\/li>\n<\/ul>\n","protected":false},"excerpt":{"rendered":"<p><strong>Gel lubricante \u00edntimo facilitador del orgasmo femenino.<\/strong><\/p>\n<p>L-Arginina es un amino\u00e1cido que aumenta la circulaci\u00f3n<br \/>\nsangu\u00ednea de la zona, brindando mayor sensibilidad en la mujer.<br \/>\nEl Ginseng potencia el efecto que produce la L-Arginina, aumentando la excitaci\u00f3n.<\/p>\n","protected":false},"featured_media":921,"template":"","meta":{"_et_pb_use_builder":"","_et_pb_old_content":"","_et_gb_content_width":"","_joinchat":[]},"product_brand":[],"product_cat":[35],"product_tag":[],"class_list":{"0":"post-889","1":"product","2":"type-product","3":"status-publish","4":"has-post-thumbnail","6":"product_cat-geles-y-lubricantes","8":"first","9":"instock","10":"shipping-taxable","11":"purchasable","12":"product-type-simple"},"_links":{"self":[{"href":"https:\/\/www.sexshop.com.ar\/web\/wp-json\/wp\/v2\/product\/889","targetHints":{"allow":["GET"]}}],"collection":[{"href":"https:\/\/www.sexshop.com.ar\/web\/wp-json\/wp\/v2\/product"}],"about":[{"href":"https:\/\/www.sexshop.com.ar\/web\/wp-json\/wp\/v2\/types\/product"}],"wp:featuredmedia":[{"embeddable":true,"href":"https:\/\/www.sexshop.com.ar\/web\/wp-json\/wp\/v2\/media\/921"}],"wp:attachment":[{"href":"https:\/\/www.sexshop.com.ar\/web\/wp-json\/wp\/v2\/media?parent=889"}],"wp:term":[{"taxonomy":"product_brand","embeddable":true,"href":"https:\/\/www.sexshop.com.ar\/web\/wp-json\/wp\/v2\/product_brand?post=889"},{"taxonomy":"product_cat","embeddable":true,"href":"https:\/\/www.sexshop.com.ar\/web\/wp-json\/wp\/v2\/product_cat?post=889"},{"taxonomy":"product_tag","embeddable":true,"href":"https:\/\/www.sexshop.com.ar\/web\/wp-json\/wp\/v2\/product_tag?post=889"}],"curies":[{"name":"wp","href":"https:\/\/api.w.org\/{rel}","templated":true}]}}