{"id":896,"date":"2018-05-22T18:22:22","date_gmt":"2018-05-22T21:22:22","guid":{"rendered":"https:\/\/www.sexshop.com.ar\/web\/?post_type=product&#038;p=896"},"modified":"2024-12-16T17:53:04","modified_gmt":"2024-12-16T20:53:04","slug":"safari-wireless","status":"publish","type":"product","link":"https:\/\/www.sexshop.com.ar\/web\/producto\/safari-wireless\/","title":{"rendered":"SAFARI WIRELESS"},"content":{"rendered":"<p>La m\u00e1s completa sensaci\u00f3n de penetraci\u00f3n total. Colocado alrededor del pene, permite la penetraci\u00f3n anal, vaginal y vibra sobre el cl\u00edtoris mientras ayuda a mantener la erecci\u00f3n, llevando a la penetraci\u00f3n a niveles celestiales.<\/p>\n","protected":false},"excerpt":{"rendered":"<p>La m\u00e1s completa sensaci\u00f3n de penetraci\u00f3n total. Colocado alrededor del pene, permite la penetraci\u00f3n anal, vaginal y vibra sobre el cl\u00edtoris mientras ayuda a mantener la erecci\u00f3n, llevando a la penetraci\u00f3n a niveles celestiales.<\/p>\n","protected":false},"featured_media":897,"template":"","meta":{"_et_pb_use_builder":"","_et_pb_old_content":"","_et_gb_content_width":"","_joinchat":[]},"product_brand":[],"product_cat":[28,26,18],"product_tag":[],"class_list":{"0":"post-896","1":"product","2":"type-product","3":"status-publish","4":"has-post-thumbnail","6":"product_cat-consoladores-anales","7":"product_cat-anillos-peneanos","8":"product_cat-vibradores","10":"first","11":"instock","12":"shipping-taxable","13":"purchasable","14":"product-type-simple"},"_links":{"self":[{"href":"https:\/\/www.sexshop.com.ar\/web\/wp-json\/wp\/v2\/product\/896","targetHints":{"allow":["GET"]}}],"collection":[{"href":"https:\/\/www.sexshop.com.ar\/web\/wp-json\/wp\/v2\/product"}],"about":[{"href":"https:\/\/www.sexshop.com.ar\/web\/wp-json\/wp\/v2\/types\/product"}],"wp:featuredmedia":[{"embeddable":true,"href":"https:\/\/www.sexshop.com.ar\/web\/wp-json\/wp\/v2\/media\/897"}],"wp:attachment":[{"href":"https:\/\/www.sexshop.com.ar\/web\/wp-json\/wp\/v2\/media?parent=896"}],"wp:term":[{"taxonomy":"product_brand","embeddable":true,"href":"https:\/\/www.sexshop.com.ar\/web\/wp-json\/wp\/v2\/product_brand?post=896"},{"taxonomy":"product_cat","embeddable":true,"href":"https:\/\/www.sexshop.com.ar\/web\/wp-json\/wp\/v2\/product_cat?post=896"},{"taxonomy":"product_tag","embeddable":true,"href":"https:\/\/www.sexshop.com.ar\/web\/wp-json\/wp\/v2\/product_tag?post=896"}],"curies":[{"name":"wp","href":"https:\/\/api.w.org\/{rel}","templated":true}]}}