{"id":908,"date":"2018-05-22T19:11:57","date_gmt":"2018-05-22T22:11:57","guid":{"rendered":"https:\/\/www.sexshop.com.ar\/web\/?post_type=product&#038;p=908"},"modified":"2026-04-15T17:32:29","modified_gmt":"2026-04-15T20:32:29","slug":"gel-lubricante-efectocalor-con-maca-y-l-carnitina","status":"publish","type":"product","link":"https:\/\/www.sexshop.com.ar\/web\/producto\/gel-lubricante-efectocalor-con-maca-y-l-carnitina\/","title":{"rendered":"Gel lubricante EfectoCalor, con Maca y L-Carnitina."},"content":{"rendered":"<p>&nbsp;<\/p>\n<p>Este gel crea una sensaci\u00f3n de calor en la piel que aumenta de forma inmediata la sensibilidad intensificando las sensaciones. La Maca estimula a hombres\u00a0y mujeres, aumentando\u00a0la potencia sexual. L-Carnitina es un amino\u00e1cido\u00a0que vigoriza logrando una mejor\u00a0performance sexual.\u00a0Ambos componentes ayudan a\u00a0conseguir mayor cantidad y calidad\u00a0de orgasmos en la mujer y una\u00a0intensa erecci\u00f3n en el hombre.<\/p>\n<h3><\/h3>\n<h3>Beneficios:<\/h3>\n<ul>\n<li>Tambi\u00e9n cuando se sopla suavemente sobre la zona de aplicaci\u00f3n se produce una agradable sensaci\u00f3n de calor.<\/li>\n<li>Sin sensaci\u00f3n de fr\u00edo al aplicarlo.<\/li>\n<li>Maximiza las sensaciones.<\/li>\n<li>No mancha la ropa.<\/li>\n<li>Es hidrosoluble, compatible con el uso de preservativos<\/li>\n<li><\/li>\n<li>\n<h3>Modo de uso:<\/h3>\n<p class=\"tipo\"><span lang=\"ES-TRAD\">Colocar una peque\u00f1a cantidad en tus dedos y apl\u00edcala en el lugar necesario, repite el proceso tantas veces como creas convenientes.<span class=\"apple-converted-space\">\u00a0<\/span><\/span><\/p>\n<h3>Presentaci\u00f3n:<\/h3>\n<p>Envase de 50 ml con nueva tapa Easy Open: f\u00e1cil apertura y r\u00e1pida salida del contenido. No se derrama.<\/p>\n<p><strong>TODOS LOS PRODUCTOS MISS V SE ENCUENTRAN APROBADOS POR I.N.A.M.E DEPENDIENTE DE A.N.M.A.T.<\/strong><\/p>\n<p>Ante cualquier duda consulte a su m\u00e9dico. En caso de irritaci\u00f3n discontinuar su uso.<\/li>\n<\/ul>\n","protected":false},"excerpt":{"rendered":"<p><strong>\u00danico con Maca y L-Carnitina. La Maca estimula a hombres y mujeres, aumentando la potencia sexual. L-Carnitina es un amino\u00e1cido que vigoriza logrando una mejor performance sexual.<\/strong><\/p>\n","protected":false},"featured_media":3454,"template":"","meta":{"_et_pb_use_builder":"","_et_pb_old_content":"","_et_gb_content_width":"","_joinchat":[]},"product_brand":[],"product_cat":[35,34],"product_tag":[],"class_list":{"0":"post-908","1":"product","2":"type-product","3":"status-publish","4":"has-post-thumbnail","6":"product_cat-geles-y-lubricantes","7":"product_cat-inicio","9":"first","10":"instock","11":"shipping-taxable","12":"purchasable","13":"product-type-simple"},"_links":{"self":[{"href":"https:\/\/www.sexshop.com.ar\/web\/wp-json\/wp\/v2\/product\/908","targetHints":{"allow":["GET"]}}],"collection":[{"href":"https:\/\/www.sexshop.com.ar\/web\/wp-json\/wp\/v2\/product"}],"about":[{"href":"https:\/\/www.sexshop.com.ar\/web\/wp-json\/wp\/v2\/types\/product"}],"wp:featuredmedia":[{"embeddable":true,"href":"https:\/\/www.sexshop.com.ar\/web\/wp-json\/wp\/v2\/media\/3454"}],"wp:attachment":[{"href":"https:\/\/www.sexshop.com.ar\/web\/wp-json\/wp\/v2\/media?parent=908"}],"wp:term":[{"taxonomy":"product_brand","embeddable":true,"href":"https:\/\/www.sexshop.com.ar\/web\/wp-json\/wp\/v2\/product_brand?post=908"},{"taxonomy":"product_cat","embeddable":true,"href":"https:\/\/www.sexshop.com.ar\/web\/wp-json\/wp\/v2\/product_cat?post=908"},{"taxonomy":"product_tag","embeddable":true,"href":"https:\/\/www.sexshop.com.ar\/web\/wp-json\/wp\/v2\/product_tag?post=908"}],"curies":[{"name":"wp","href":"https:\/\/api.w.org\/{rel}","templated":true}]}}