{"id":916,"date":"2018-05-22T19:33:26","date_gmt":"2018-05-22T22:33:26","guid":{"rendered":"https:\/\/www.sexshop.com.ar\/web\/?post_type=product&#038;p=916"},"modified":"2026-04-15T17:38:30","modified_gmt":"2026-04-15T20:38:30","slug":"miss-v-aliv-frio","status":"publish","type":"product","link":"https:\/\/www.sexshop.com.ar\/web\/producto\/miss-v-aliv-frio\/","title":{"rendered":"MISS V ALIV \u2013 FR\u00cdO"},"content":{"rendered":"<p><strong>Gel lubricante \u00edntimo Efecto fr\u00edo para relaciones m\u00e1s prolongadas y placenteras.<\/strong><\/p>\n<p>Es un gel retardante de r\u00e1pida acci\u00f3n que permite controlar las erecciones retrasando el momento de la eyaculaci\u00f3n. Genera un efecto agradablemente refrescante tanto en el hombre como en la mujer. Tambi\u00e9n puede utilizarse para sexo oral debido a sus componentes y su agradable sabor y aroma a mentol.Se trata de un producto formulado con ingredientes naturales, que es seguro y no agresivo, no es pegajoso y se absorbe r\u00e1pidamente en la piel despu\u00e9s de su aplicaci\u00f3n.<\/p>\n","protected":false},"excerpt":{"rendered":"<h3>Beneficios:<\/h3>\n<ul>\n<li>Retrasa la eyaculaci\u00f3n.<\/li>\n<li>Act\u00faa r\u00e1pidamente.<\/li>\n<li>Mejora las relaciones sexuales.<\/li>\n<li>Ayuda a disfrutar m\u00e1s del sexo.<\/li>\n<li>Sin efectos secundarios..<\/li>\n<li>Elaborado con ingredientes naturales.<\/li>\n<li>Es hidrosoluble, compatible con el uso de preservativos.<\/li>\n<\/ul>\n<h3>Modo de uso:<\/h3>\n<p>En el hombre aplicar a lo largo del pene de 5-10 minutos antes del acto sexual y reforzar durante la relaci\u00f3n. En el caso de ser utilizado por la mujer su uso es muy sencillo, solamente debemos extender el gel por la vulva y la vagina con los dedos limpios antes y durante la relaci\u00f3n sexual. Exactamente igual que los hidratantes para otras partes del cuerpo.<\/p>\n<h3>Presentaci\u00f3n:<\/h3>\n<p>Envase de 50 ml con nueva tapa Easy Open: f\u00e1cil apertura y r\u00e1pida salida del contenido. No se derrama.<\/p>\n<p><strong>TODOS LOS PRODUCTOS MISS V SE ENCUENTRAN APROBADOS POR I.N.A.M.E DEPENDIENTE DE A.N.M.A.T.<\/strong><\/p>\n<p>Ante cualquier duda consulte a su m\u00e9dico. En caso de irritaci\u00f3n discontinuar su uso.<\/p>\n","protected":false},"featured_media":917,"template":"","meta":{"_et_pb_use_builder":"","_et_pb_old_content":"","_et_gb_content_width":"","_joinchat":[]},"product_brand":[],"product_cat":[35],"product_tag":[],"class_list":{"0":"post-916","1":"product","2":"type-product","3":"status-publish","4":"has-post-thumbnail","6":"product_cat-geles-y-lubricantes","8":"first","9":"instock","10":"shipping-taxable","11":"purchasable","12":"product-type-simple"},"_links":{"self":[{"href":"https:\/\/www.sexshop.com.ar\/web\/wp-json\/wp\/v2\/product\/916","targetHints":{"allow":["GET"]}}],"collection":[{"href":"https:\/\/www.sexshop.com.ar\/web\/wp-json\/wp\/v2\/product"}],"about":[{"href":"https:\/\/www.sexshop.com.ar\/web\/wp-json\/wp\/v2\/types\/product"}],"wp:featuredmedia":[{"embeddable":true,"href":"https:\/\/www.sexshop.com.ar\/web\/wp-json\/wp\/v2\/media\/917"}],"wp:attachment":[{"href":"https:\/\/www.sexshop.com.ar\/web\/wp-json\/wp\/v2\/media?parent=916"}],"wp:term":[{"taxonomy":"product_brand","embeddable":true,"href":"https:\/\/www.sexshop.com.ar\/web\/wp-json\/wp\/v2\/product_brand?post=916"},{"taxonomy":"product_cat","embeddable":true,"href":"https:\/\/www.sexshop.com.ar\/web\/wp-json\/wp\/v2\/product_cat?post=916"},{"taxonomy":"product_tag","embeddable":true,"href":"https:\/\/www.sexshop.com.ar\/web\/wp-json\/wp\/v2\/product_tag?post=916"}],"curies":[{"name":"wp","href":"https:\/\/api.w.org\/{rel}","templated":true}]}}