{"id":968,"date":"2018-05-31T12:37:02","date_gmt":"2018-05-31T15:37:02","guid":{"rendered":"https:\/\/www.sexshop.com.ar\/web\/?post_type=product&#038;p=968"},"modified":"2025-01-27T12:24:03","modified_gmt":"2025-01-27T15:24:03","slug":"anillo-love-ring","status":"publish","type":"product","link":"https:\/\/www.sexshop.com.ar\/web\/producto\/anillo-love-ring\/","title":{"rendered":"ANILLO LOVE RING"},"content":{"rendered":"<p>Love Ring. Mantiene y mejora la erecci\u00f3n. Un anillo de silicona suave. Extremadamente extensible. Adaptable y deslizable.<\/p>\n","protected":false},"excerpt":{"rendered":"<p>Love Ring<br \/>\nMantiene y mejora la erecci\u00f3n.<br \/>\nUn anillo de silicona suave.<br \/>\nExtremadamente extensible.<br \/>\nAdaptable y deslizable.<\/p>\n<p>ANILLO PENEANO:<br \/>\nProlonga la erecci\u00f3n para que disfrutes m\u00e1s del sexo.<br \/>\nEste anillo con perlas aumenta notoriamente la duraci\u00f3n de la erecci\u00f3n gracias a su ajuste firme. Di\u00e1metro extensible. Adecuado para cualquier tama\u00f1o.<\/p>\n<p>INSTRUCCIONES DE USO:<br \/>\nPara darle una nota de color, placer y durabilidad a tus juegos er\u00f3ticos, recomendamos que sigan las siguientes instrucciones:<br \/>\n1- Estirar el anillo, colocarlo en la punta del pene y deslizarlo hasta la base del mismo.<br \/>\n2- Usar durante un periodo m\u00e1ximo de 20 minutos.<\/p>\n","protected":false},"featured_media":7315,"template":"","meta":{"_et_pb_use_builder":"","_et_pb_old_content":"","_et_gb_content_width":"","_joinchat":[]},"product_brand":[],"product_cat":[26],"product_tag":[],"class_list":{"0":"post-968","1":"product","2":"type-product","3":"status-publish","4":"has-post-thumbnail","6":"product_cat-anillos-peneanos","8":"first","9":"instock","10":"shipping-taxable","11":"purchasable","12":"product-type-simple"},"_links":{"self":[{"href":"https:\/\/www.sexshop.com.ar\/web\/wp-json\/wp\/v2\/product\/968","targetHints":{"allow":["GET"]}}],"collection":[{"href":"https:\/\/www.sexshop.com.ar\/web\/wp-json\/wp\/v2\/product"}],"about":[{"href":"https:\/\/www.sexshop.com.ar\/web\/wp-json\/wp\/v2\/types\/product"}],"wp:featuredmedia":[{"embeddable":true,"href":"https:\/\/www.sexshop.com.ar\/web\/wp-json\/wp\/v2\/media\/7315"}],"wp:attachment":[{"href":"https:\/\/www.sexshop.com.ar\/web\/wp-json\/wp\/v2\/media?parent=968"}],"wp:term":[{"taxonomy":"product_brand","embeddable":true,"href":"https:\/\/www.sexshop.com.ar\/web\/wp-json\/wp\/v2\/product_brand?post=968"},{"taxonomy":"product_cat","embeddable":true,"href":"https:\/\/www.sexshop.com.ar\/web\/wp-json\/wp\/v2\/product_cat?post=968"},{"taxonomy":"product_tag","embeddable":true,"href":"https:\/\/www.sexshop.com.ar\/web\/wp-json\/wp\/v2\/product_tag?post=968"}],"curies":[{"name":"wp","href":"https:\/\/api.w.org\/{rel}","templated":true}]}}